{"id":252,"date":"2014-04-13T10:41:43","date_gmt":"2014-04-13T13:41:43","guid":{"rendered":"http:\/\/segundosilva.com.ar\/segundosilva\/?page_id=252"},"modified":"2019-06-11T11:26:49","modified_gmt":"2019-06-11T14:26:49","slug":"cristianismo","status":"publish","type":"page","link":"https:\/\/segundosilva.com.ar\/segundosilva\/?page_id=252","title":{"rendered":"Cristianismo"},"content":{"rendered":"<p><a href=\"http:\/\/segundosilva.com.ar\/segundosilva\/wp-content\/uploads\/2013\/06\/Mesters-Carlos-Con-Jesus-a-contramano-en-defensa-de-la-vida.pdf\">Mesters, Carlos &#8211; Con Jesus a contramano en defensa de la vida<\/a><\/p>\n<p><a href=\"http:\/\/segundosilva.com.ar\/segundosilva\/wp-content\/uploads\/2013\/06\/Pagola-Jos\u00e9-Antonio-JES\u00daS-Aproximaci\u00f3n-hist\u00f3rica.doc\">Pagola, Jos\u00e9 Antonio &#8211; JES\u00daS Aproximaci\u00f3n hist\u00f3rica<\/a><\/p>\n<p><a href=\"http:\/\/segundosilva.com.ar\/segundosilva\/wp-content\/uploads\/2014\/04\/Nolan-Alberto-Jesus-antes-del-cristianismo.docx\">Nolan, Alberto &#8211; Jesus antes del cristianismo<\/a><\/p>\n<p><a href=\"http:\/\/segundosilva.com.ar\/segundosilva\/wp-content\/uploads\/2013\/05\/Esta-es-nuestra-Fe-Gonzalez-Carvajal-Luis.pdf\">Esta es nuestra Fe &#8211; Gonzalez Carvajal, Luis<\/a><\/p>\n<p><a href=\"http:\/\/segundosilva.com.ar\/segundosilva\/wp-content\/uploads\/2013\/05\/Hace-50-a\u00f1os-hubo-un-Concilio-V\u00edctor-Codina.pdf\">Hace 50 a\u00f1os hubo un Concilio-V\u00edctor Codina<\/a><\/p>\n<p><a href=\"http:\/\/segundosilva.com.ar\/segundosilva\/wp-content\/uploads\/2013\/05\/Los-sacramentos-de-la-vida-Leonardo-Boff1.pdf\">Los sacramentos de la vida &#8211; Leonardo Boff<\/a><\/p>\n<p><a href=\"http:\/\/segundosilva.com.ar\/segundosilva\/wp-content\/uploads\/2014\/03\/Galilea-Segundo-La-Amistad-de-Dios.pdf\">Galilea, Segundo &#8211; La Amistad de Dios<\/a><\/p>\n<p><a href=\"http:\/\/segundosilva.com.ar\/segundosilva\/wp-content\/uploads\/2018\/01\/Mesters-Carlos-Dios-Donde-Estas.pdf\">Mesters, Carlos &#8211; Dios, \u00bfd\u00f3nde est\u00e1s?<\/a><\/p>\n","protected":false},"excerpt":{"rendered":"<p>Mesters, Carlos &#8211; Con Jesus a contramano en defensa de la vida Pagola, Jos\u00e9 Antonio &#8211; JES\u00daS Aproximaci\u00f3n hist\u00f3rica Nolan, Alberto &#8211; Jesus antes del cristianismo Esta es nuestra Fe &#8211; Gonzalez Carvajal, Luis Hace 50 a\u00f1os hubo un Concilio-V\u00edctor Codina Los sacramentos de la vida &#8211; Leonardo Boff Galilea, Segundo &#8211; La Amistad de &hellip; <a href=\"https:\/\/segundosilva.com.ar\/segundosilva\/?page_id=252\" class=\"more-link\">Seguir leyendo <span class=\"screen-reader-text\">Cristianismo<\/span> <span class=\"meta-nav\">&rarr;<\/span><\/a><\/p>\n","protected":false},"author":1,"featured_media":253,"parent":0,"menu_order":0,"comment_status":"closed","ping_status":"closed","template":"","meta":[],"_links":{"self":[{"href":"https:\/\/segundosilva.com.ar\/segundosilva\/index.php?rest_route=\/wp\/v2\/pages\/252"}],"collection":[{"href":"https:\/\/segundosilva.com.ar\/segundosilva\/index.php?rest_route=\/wp\/v2\/pages"}],"about":[{"href":"https:\/\/segundosilva.com.ar\/segundosilva\/index.php?rest_route=\/wp\/v2\/types\/page"}],"author":[{"embeddable":true,"href":"https:\/\/segundosilva.com.ar\/segundosilva\/index.php?rest_route=\/wp\/v2\/users\/1"}],"replies":[{"embeddable":true,"href":"https:\/\/segundosilva.com.ar\/segundosilva\/index.php?rest_route=%2Fwp%2Fv2%2Fcomments&post=252"}],"version-history":[{"count":15,"href":"https:\/\/segundosilva.com.ar\/segundosilva\/index.php?rest_route=\/wp\/v2\/pages\/252\/revisions"}],"predecessor-version":[{"id":850,"href":"https:\/\/segundosilva.com.ar\/segundosilva\/index.php?rest_route=\/wp\/v2\/pages\/252\/revisions\/850"}],"wp:featuredmedia":[{"embeddable":true,"href":"https:\/\/segundosilva.com.ar\/segundosilva\/index.php?rest_route=\/wp\/v2\/media\/253"}],"wp:attachment":[{"href":"https:\/\/segundosilva.com.ar\/segundosilva\/index.php?rest_route=%2Fwp%2Fv2%2Fmedia&parent=252"}],"curies":[{"name":"wp","href":"https:\/\/api.w.org\/{rel}","templated":true}]}}